{"id":4611,"date":"2026-02-09T05:12:49","date_gmt":"2026-02-09T04:12:49","guid":{"rendered":"http:\/\/ffhochbrueck.de\/?page_id=4611"},"modified":"2026-03-13T04:15:47","modified_gmt":"2026-03-13T03:15:47","slug":"kontakte","status":"publish","type":"page","link":"https:\/\/ffhochbrueck.de\/?page_id=4611","title":{"rendered":"KONTAKTE"},"content":{"rendered":"<p>[et_pb_section fb_built=&#8220;1&#8243; _builder_version=&#8220;4.27.5&#8243; _module_preset=&#8220;default&#8220; global_colors_info=&#8220;{}&#8220;][et_pb_row _builder_version=&#8220;4.27.5&#8243; _module_preset=&#8220;default&#8220; custom_margin=&#8220;|auto||76px||&#8220; global_colors_info=&#8220;{}&#8220;][et_pb_column type=&#8220;4_4&#8243; _builder_version=&#8220;4.27.5&#8243; _module_preset=&#8220;default&#8220; global_colors_info=&#8220;{}&#8220;][et_pb_text _builder_version=&#8220;4.27.5&#8243; _module_preset=&#8220;default&#8220; background_color=&#8220;RGBA(255,255,255,0)&#8220; hover_enabled=&#8220;0&#8243; sticky_enabled=&#8220;0&#8243; box_shadow_style=&#8220;preset6&#8243;]<\/p>\n<h2 style=\"text-align: center;\">Freiwillige Feuerwehr Hochbr\u00fcck<\/h2>\n<p>[\/et_pb_text][et_pb_text _builder_version=&#8220;4.27.5&#8243; _module_preset=&#8220;default&#8220; global_colors_info=&#8220;{}&#8220;]<\/p>\n<h4><span style=\"color: #000000;\">Hohe-Br\u00fccken-Stra\u00dfe 29<\/span><br \/><span style=\"color: #000000;\">85748 Hochbr\u00fcck<\/span><br \/><span style=\"color: #000000;\">Deutschland<\/span><br \/><span style=\"color: #000000;\">NOTRUF-Tel: 112 oder<\/span><br \/><span style=\"color: #000000;\">Feuerwehreinsatzzentrale LK M\u00fcnchen<\/span><br \/><span style=\"color: #000000;\">Tel: 089 662023<\/span><\/h4>\n<h4><span style=\"color: #000000;\">Ger\u00e4tehaus<\/span><br \/><span style=\"color: #000000;\">Tel: +49 89 320 58 43<\/span><br \/><span style=\"color: #000000;\">Fax: +49 89 360 556 48<\/span><\/h4>\n<h4><span style=\"color: #000000;\">Kommandant: David Ward<\/span><br \/><span style=\"color: #000000;\">E-Mail: <a href=\"mailto:info@ffhochbrueck.de\" style=\"color: #000000;\">info@ffhochbrueck.de<\/a><\/span><\/h4>\n<h4><span style=\"color: #000000;\">1. Vorstand Thomas Furchtsam<\/span><br \/><span style=\"color: #000000;\">E-Mail:\u00a0<a href=\"mailto:vorstand@ffhochbrueck.de\" style=\"color: #000000;\">vorstand@ffhochbrueck.de<\/a><\/span><\/h4>\n<h4><span style=\"color: #000000;\">Kinderfeuerwehr Michelle Ward:<\/span><br \/><span style=\"color: #000000;\">E-Mail: <a href=\"mailto:Kinderfeuerwehr@ffhochbrueck.de\" style=\"color: #000000;\">kinderfeuerwehr@ffhochbrueck.de<\/a><\/span><\/h4>\n<h4><span style=\"color: #000000;\">Internet: www.ffhochbrueck.de<\/span><\/h4>\n<p>[\/et_pb_text][\/et_pb_column][\/et_pb_row][\/et_pb_section]<\/p>\n","protected":false},"excerpt":{"rendered":"<p>Freiwillige Feuerwehr Hochbr\u00fcckHohe-Br\u00fccken-Stra\u00dfe 2985748 Hochbr\u00fcckDeutschlandNOTRUF-Tel: 112 oderFeuerwehreinsatzzentrale LK M\u00fcnchenTel: 089 662023 Ger\u00e4tehausTel: +49 89 320 58 43Fax: +49 89 360 556 48 Kommandant: David WardE-Mail: info@ffhochbrueck.de 1. Vorstand Thomas FurchtsamE-Mail:\u00a0vorstand@ffhochbrueck.de Kinderfeuerwehr Michelle Ward:E-Mail: kinderfeuerwehr@ffhochbrueck.de Internet: www.ffhochbrueck.de<\/p>\n","protected":false},"author":1,"featured_media":0,"parent":0,"menu_order":0,"comment_status":"closed","ping_status":"closed","template":"","meta":{"_et_pb_use_builder":"on","_et_pb_old_content":"<!-- wp:divi\/placeholder \/-->","_et_gb_content_width":"","footnotes":""},"class_list":["post-4611","page","type-page","status-publish","hentry"],"_links":{"self":[{"href":"https:\/\/ffhochbrueck.de\/index.php?rest_route=\/wp\/v2\/pages\/4611","targetHints":{"allow":["GET"]}}],"collection":[{"href":"https:\/\/ffhochbrueck.de\/index.php?rest_route=\/wp\/v2\/pages"}],"about":[{"href":"https:\/\/ffhochbrueck.de\/index.php?rest_route=\/wp\/v2\/types\/page"}],"author":[{"embeddable":true,"href":"https:\/\/ffhochbrueck.de\/index.php?rest_route=\/wp\/v2\/users\/1"}],"replies":[{"embeddable":true,"href":"https:\/\/ffhochbrueck.de\/index.php?rest_route=%2Fwp%2Fv2%2Fcomments&post=4611"}],"version-history":[{"count":4,"href":"https:\/\/ffhochbrueck.de\/index.php?rest_route=\/wp\/v2\/pages\/4611\/revisions"}],"predecessor-version":[{"id":6665,"href":"https:\/\/ffhochbrueck.de\/index.php?rest_route=\/wp\/v2\/pages\/4611\/revisions\/6665"}],"wp:attachment":[{"href":"https:\/\/ffhochbrueck.de\/index.php?rest_route=%2Fwp%2Fv2%2Fmedia&parent=4611"}],"curies":[{"name":"wp","href":"https:\/\/api.w.org\/{rel}","templated":true}]}}